{"id":185,"date":"2025-01-23T14:33:16","date_gmt":"2025-01-23T14:33:16","guid":{"rendered":"https:\/\/ottawagolddev.wpenginepowered.com\/?page_id=185"},"modified":"2026-03-03T14:14:57","modified_gmt":"2026-03-03T22:14:57","slug":"buy-from-us","status":"publish","type":"page","link":"https:\/\/edmontongold.ca\/fr\/buy-from-us\/","title":{"rendered":"Acheter chez nous"},"content":{"rendered":"<p>[et_pb_section fb_built=&#8221;1&#8243; custom_padding_last_edited=&#8221;on|desktop&#8221; admin_label=&#8221;Section&#8221; _builder_version=&#8221;4.27.4&#8243; _module_preset=&#8221;default&#8221; background_color=&#8221;#032340&#8243; height_tablet=&#8221;&#8221; height_phone=&#8221;&#8221; height_last_edited=&#8221;on|desktop&#8221; custom_padding=&#8221;9px||4px||false|false&#8221; custom_padding_tablet=&#8221;9px||4px||false|false&#8221; custom_padding_phone=&#8221;9px||4px||false|false&#8221; border_color_bottom=&#8221;#D2AE74&#8243; global_module=&#8221;73382&#8243; saved_tabs=&#8221;all&#8221; locked=&#8221;off&#8221; collapsed=&#8221;off&#8221; global_colors_info=&#8221;{}&#8221;][et_pb_row make_equal=&#8221;on&#8221; _builder_version=&#8221;4.27.4&#8243; _module_preset=&#8221;default&#8221; custom_padding=&#8221;0px||0px||false|false&#8221; custom_css_main_element=&#8221;display:flex;&#8221; global_colors_info=&#8221;{}&#8221;][et_pb_column type=&#8221;4_4&#8243; _builder_version=&#8221;4.27.4&#8243; _module_preset=&#8221;default&#8221; custom_css_main_element=&#8221;display:flex;||flex-direction:column;||justify-content: center;&#8221; global_colors_info=&#8221;{}&#8221;][et_pb_text admin_label=&#8221;page title&#8221; _builder_version=&#8221;4.27.4&#8243; _dynamic_attributes=&#8221;content&#8221; _module_preset=&#8221;default&#8221; header_font=&#8221;|&#8211;et_global_heading_font_weight||on|||||&#8221; header_text_align=&#8221;center&#8221; header_text_color=&#8221;#FFFFFF&#8221; header_font_size=&#8221;38px&#8221; custom_css_free_form=&#8221;.selector h1 {||  font-weight:400!important;||}&#8221; global_colors_info=&#8221;{}&#8221;]@ET-DC@eyJkeW5hbWljIjp0cnVlLCJjb250ZW50IjoicG9zdF90aXRsZSIsInNldHRpbmdzIjp7ImJlZm9yZSI6IjxoMT4iLCJhZnRlciI6IjwvaDE+In19@[\/et_pb_text][\/et_pb_column][\/et_pb_row][\/et_pb_section][et_pb_section fb_built=&#8221;1&#8243; _builder_version=&#8221;4.27.4&#8243; _module_preset=&#8221;default&#8221; custom_margin=&#8221;||20px||false|false&#8221; custom_padding=&#8221;0px||0px||false|false&#8221; global_module=&#8221;151&#8243; saved_tabs=&#8221;all&#8221; locked=&#8221;off&#8221; global_colors_info=&#8221;{}&#8221;][et_pb_row _builder_version=&#8221;4.27.4&#8243; _module_preset=&#8221;default&#8221; max_width=&#8221;1280px&#8221; custom_padding=&#8221;20px||20px||true|false&#8221; global_colors_info=&#8221;{}&#8221;][et_pb_column type=&#8221;4_4&#8243; _builder_version=&#8221;4.27.4&#8243; _module_preset=&#8221;default&#8221; global_colors_info=&#8221;{}&#8221;][et_pb_text admin_label=&#8221;breadcrumbs&#8221; _builder_version=&#8221;4.27.4&#8243; _module_preset=&#8221;default&#8221; text_font=&#8221;|&#8211;et_global_body_font_weight||on|||||&#8221; text_text_color=&#8221;#0E3E63&#8243; text_font_size=&#8221;14px&#8221; link_font=&#8221;|||on|||||&#8221; link_text_color=&#8221;#000000&#8243; global_colors_info=&#8221;{}&#8221;]<\/p>\n<div data-plaintext=\"true\" data-pm-slice=\"1 1 [&quot;codeblock&quot;,{&quot;style&quot;:null,&quot;codeblock&quot;:true,&quot;textAlign&quot;:null,&quot;syntaxLanguage&quot;:null,&quot;lineWrapping&quot;:false}]\" data-en-clipboard=\"true\"><span><span><a href=\"https:\/\/edmontongold.ca\/\">Home<\/a><\/span><\/span><\/div>\n<p>[\/et_pb_text][\/et_pb_column][\/et_pb_row][\/et_pb_section][et_pb_section fb_built=&#8221;1&#8243; _builder_version=&#8221;4.27.4&#8243; _module_preset=&#8221;default&#8221; custom_padding=&#8221;0px||0px||false|false&#8221; global_colors_info=&#8221;{}&#8221;][et_pb_row _builder_version=&#8221;4.27.4&#8243; _module_preset=&#8221;default&#8221; max_width=&#8221;1280px&#8221; custom_margin=&#8221;||0px||false|false&#8221; custom_padding=&#8221;0px||0px||false|false&#8221; global_colors_info=&#8221;{}&#8221;][et_pb_column type=&#8221;4_4&#8243; _builder_version=&#8221;4.27.4&#8243; _module_preset=&#8221;default&#8221; global_colors_info=&#8221;{}&#8221;][et_pb_text admin_label=&#8221;h2&#8243; _builder_version=&#8221;4.27.4&#8243; _module_preset=&#8221;default&#8221; text_text_color=&#8221;#000000&#8243; header_2_font=&#8221;|&#8211;et_global_heading_font_weight|||||||&#8221; header_2_font_size=&#8221;36px&#8221; header_3_line_height=&#8221;1.2em&#8221; custom_margin=&#8221;||0px||false|false&#8221; custom_padding=&#8221;||0px||false|false&#8221; custom_css_free_form=&#8221; &#8221; global_colors_info=&#8221;{}&#8221;]<\/p>\n<h2>Edmonton&#8217;s Top Precious Metal Dealer With Two Great Locations<\/h2>\n<p>&nbsp;<\/p>\n<p>[\/et_pb_text][\/et_pb_column][\/et_pb_row][et_pb_row column_structure=&#8221;3_5,2_5&#8243; _builder_version=&#8221;4.27.4&#8243; _module_preset=&#8221;default&#8221; max_width=&#8221;1280px&#8221; custom_padding=&#8221;0px||32px||false|false&#8221; global_colors_info=&#8221;{}&#8221;][et_pb_column type=&#8221;3_5&#8243; _builder_version=&#8221;4.27.4&#8243; _module_preset=&#8221;default&#8221; global_colors_info=&#8221;{}&#8221;][et_pb_text _builder_version=&#8221;4.27.4&#8243; _module_preset=&#8221;default&#8221; text_text_color=&#8221;#000000&#8243; header_3_line_height=&#8221;1.2em&#8221; global_colors_info=&#8221;{}&#8221;]<\/p>\n<p>Edmonton is blessed to be known as &#8220;The Gateway to Canada&#8217;s North&#8221;. From our festivals to our heritage and history, it&#8217;s a great place to live and work. It&#8217;s also a great place to purchase gold, silver and platinum. Our two Edmonton locations offer a stellar selection of options from the Royal Canadian Mint, but we also carry coins, ingots, bars and other bullion from mints around the globe. <a href=\"https:\/\/edmontongold.ca\/buy-from-us\/bullion\/\"><strong>Find our current, market based sale prices on commonly sold precious metals here.<\/strong><\/a><\/p>\n<p>Why buy physical gold, silver or platinum? You could easily invest in commodities or ETF&#8217;s, but that&#8217;s not the same as having physical precious metals on hand. With physical gold, silver or platinum, your investment is in your hands and available whether the market is open or closed. They&#8217;re not only an exceptional hedge against inflation. They&#8217;re also a safety net should the systems that control our markets be compromised or shut down.<\/p>\n<p>The next natural question is, why buy from Canada Gold &#8211; Edmonton? Like every store we run across Canada, our two Edmonton locations offer market based pricing. In other words, we sell at a small percentage over the current market value. Likewise, we buy precious metals at a small percentage below market value. Our ability to do business <em>in high volume<\/em> is how we&#8217;re able to offer our customers the best in precious metals at extremely competitive prices.<\/p>\n<p>Beyond price, we&#8217;ve gone to great lengths to ensure our customers experience all we have to offer in a welcoming, friendly and above all, secure atmosphere. We&#8217;re not a pawn shop or a coin dealer kiosk at a mall. Whether you visit us to buy a single collector coin or purchase a large quantity of bullion, you&#8217;ll be treated with respect at Canada&#8217;s largest family owned, BBB Accredited, Royal Canadian Mint authorized dealer. We encourage you to stop by either of our Edmonton locations and let us show you why we&#8217;re a step above our competitors.<\/p>\n<p>[\/et_pb_text][\/et_pb_column][et_pb_column type=&#8221;2_5&#8243; _builder_version=&#8221;4.27.4&#8243; _module_preset=&#8221;default&#8221; global_colors_info=&#8221;{}&#8221;][et_pb_image src=&#8221;https:\/\/edmontongold.ca\/wp-content\/uploads\/2025\/07\/Temp-455_3000px-scaled.jpg&#8221; alt=&#8221;Canada Gold Ottawa&#8221; title_text=&#8221;Temp-455_3000px&#8221; _builder_version=&#8221;4.27.4&#8243; _module_preset=&#8221;default&#8221; global_colors_info=&#8221;{}&#8221;][\/et_pb_image][\/et_pb_column][\/et_pb_row][\/et_pb_section]<\/p>\n","protected":false},"excerpt":{"rendered":"<p><span><span><a href=\"https:\/\/edmontongold.ca\/\">Home<\/a><\/span><\/span>Edmonton&#8217;s Top Precious Metal Dealer With Two Great Locations &nbsp;Edmonton is blessed to be known as &#8220;The Gateway to Canada&#8217;s North&#8221;. From our festivals to our heritage and history, it&#8217;s a great place to live and work. It&#8217;s also a great place to purchase gold, silver and platinum. Our two Edmonton locations offer a stellar [&hellip;]<\/p>\n","protected":false},"author":1,"featured_media":0,"parent":0,"menu_order":0,"comment_status":"closed","ping_status":"closed","template":"","meta":{"_acf_changed":false,"_et_pb_use_builder":"on","_et_pb_old_content":"","_et_gb_content_width":"","footnotes":""},"class_list":["post-185","page","type-page","status-publish","hentry"],"acf":[],"yoast_head":"<!-- This site is optimized with the Yoast SEO plugin v27.3 - https:\/\/yoast.com\/product\/yoast-seo-wordpress\/ -->\n<title>Purchase Physical Bullion - Edmonton Gold<\/title>\n<meta name=\"description\" content=\"Canada Gold is your local gold &amp; silver bullion dealer, with an ample selection of bars, ingots and coins from the RCM and around the world.\" \/>\n<meta name=\"robots\" content=\"index, follow, max-snippet:-1, max-image-preview:large, max-video-preview:-1\" \/>\n<link rel=\"canonical\" href=\"https:\/\/edmontongold.ca\/fr\/buy-from-us\/\" \/>\n<meta property=\"og:locale\" content=\"fr_CA\" \/>\n<meta property=\"og:type\" content=\"article\" \/>\n<meta property=\"og:title\" content=\"Purchase Physical Bullion - Edmonton Gold\" \/>\n<meta property=\"og:description\" content=\"Canada Gold is your local gold &amp; silver bullion dealer, with an ample selection of bars, ingots and coins from the RCM and around the world.\" \/>\n<meta property=\"og:url\" content=\"https:\/\/edmontongold.ca\/fr\/buy-from-us\/\" \/>\n<meta property=\"og:site_name\" content=\"Edmonton Gold\" \/>\n<meta property=\"article:publisher\" content=\"https:\/\/www.facebook.com\/CanadaGoldBBB\" \/>\n<meta property=\"article:modified_time\" content=\"2026-03-03T22:14:57+00:00\" \/>\n<meta property=\"og:image\" content=\"https:\/\/edmontongold.ca\/wp-content\/uploads\/2025\/09\/Canada-Gold-Regional-Web-Logo-Navy-With-White-Background_Edmonton.png\" \/>\n\t<meta property=\"og:image:width\" content=\"879\" \/>\n\t<meta property=\"og:image:height\" content=\"156\" \/>\n\t<meta property=\"og:image:type\" content=\"image\/png\" \/>\n<meta name=\"twitter:card\" content=\"summary_large_image\" \/>\n<meta name=\"twitter:site\" content=\"@CanadaGoldBBB\" \/>\n<meta name=\"twitter:label1\" content=\"Estimation du temps de lecture\" \/>\n\t<meta name=\"twitter:data1\" content=\"2 minutes\" \/>\n<script type=\"application\/ld+json\" class=\"yoast-schema-graph\">{\"@context\":\"https:\\\/\\\/schema.org\",\"@graph\":[{\"@type\":\"WebPage\",\"@id\":\"https:\\\/\\\/edmontongold.ca\\\/buy-from-us\\\/\",\"url\":\"https:\\\/\\\/edmontongold.ca\\\/buy-from-us\\\/\",\"name\":\"Purchase Physical Bullion - Edmonton Gold\",\"isPartOf\":{\"@id\":\"https:\\\/\\\/edmontongold.ca\\\/#website\"},\"datePublished\":\"2025-01-23T14:33:16+00:00\",\"dateModified\":\"2026-03-03T22:14:57+00:00\",\"description\":\"Canada Gold is your local gold & silver bullion dealer, with an ample selection of bars, ingots and coins from the RCM and around the world.\",\"breadcrumb\":{\"@id\":\"https:\\\/\\\/edmontongold.ca\\\/buy-from-us\\\/#breadcrumb\"},\"inLanguage\":\"fr-CA\",\"potentialAction\":[{\"@type\":\"ReadAction\",\"target\":[\"https:\\\/\\\/edmontongold.ca\\\/buy-from-us\\\/\"]}]},{\"@type\":\"BreadcrumbList\",\"@id\":\"https:\\\/\\\/edmontongold.ca\\\/buy-from-us\\\/#breadcrumb\",\"itemListElement\":[{\"@type\":\"ListItem\",\"position\":1,\"name\":\"Home\",\"item\":\"https:\\\/\\\/edmontongold.ca\\\/\"},{\"@type\":\"ListItem\",\"position\":2,\"name\":\"Buy From Us\"}]},{\"@type\":\"WebSite\",\"@id\":\"https:\\\/\\\/edmontongold.ca\\\/#website\",\"url\":\"https:\\\/\\\/edmontongold.ca\\\/\",\"name\":\"Edmonton Gold\",\"description\":\"A Division of Canada Gold\",\"publisher\":{\"@id\":\"https:\\\/\\\/edmontongold.ca\\\/#organization\"},\"potentialAction\":[{\"@type\":\"SearchAction\",\"target\":{\"@type\":\"EntryPoint\",\"urlTemplate\":\"https:\\\/\\\/edmontongold.ca\\\/?s={search_term_string}\"},\"query-input\":{\"@type\":\"PropertyValueSpecification\",\"valueRequired\":true,\"valueName\":\"search_term_string\"}}],\"inLanguage\":\"fr-CA\"},{\"@type\":\"Organization\",\"@id\":\"https:\\\/\\\/edmontongold.ca\\\/#organization\",\"name\":\"Edmonton Gold\",\"url\":\"https:\\\/\\\/edmontongold.ca\\\/\",\"logo\":{\"@type\":\"ImageObject\",\"inLanguage\":\"fr-CA\",\"@id\":\"https:\\\/\\\/edmontongold.ca\\\/#\\\/schema\\\/logo\\\/image\\\/\",\"url\":\"https:\\\/\\\/edmontongold.ca\\\/wp-content\\\/uploads\\\/2025\\\/01\\\/cropped-favicon.png\",\"contentUrl\":\"https:\\\/\\\/edmontongold.ca\\\/wp-content\\\/uploads\\\/2025\\\/01\\\/cropped-favicon.png\",\"width\":512,\"height\":512,\"caption\":\"Edmonton Gold\"},\"image\":{\"@id\":\"https:\\\/\\\/edmontongold.ca\\\/#\\\/schema\\\/logo\\\/image\\\/\"},\"sameAs\":[\"https:\\\/\\\/www.facebook.com\\\/CanadaGoldBBB\",\"https:\\\/\\\/x.com\\\/CanadaGoldBBB\",\"https:\\\/\\\/www.instagram.com\\\/edmontongold.ca\\\/\"]}]}<\/script>\n<!-- \/ Yoast SEO plugin. -->","yoast_head_json":{"title":"Achat de lingots physiques - Edmonton Gold","description":"Canada Gold est votre n\u00e9gociant local de lingots d'or et d'argent, avec une vaste s\u00e9lection de barres, de lingots et de pi\u00e8ces de monnaie de la MRC et du monde entier.","robots":{"index":"index","follow":"follow","max-snippet":"max-snippet:-1","max-image-preview":"max-image-preview:large","max-video-preview":"max-video-preview:-1"},"canonical":"https:\/\/edmontongold.ca\/fr\/buy-from-us\/","og_locale":"fr_CA","og_type":"article","og_title":"Purchase Physical Bullion - Edmonton Gold","og_description":"Canada Gold is your local gold & silver bullion dealer, with an ample selection of bars, ingots and coins from the RCM and around the world.","og_url":"https:\/\/edmontongold.ca\/fr\/buy-from-us\/","og_site_name":"Edmonton Gold","article_publisher":"https:\/\/www.facebook.com\/CanadaGoldBBB","article_modified_time":"2026-03-03T22:14:57+00:00","og_image":[{"width":879,"height":156,"url":"https:\/\/edmontongold.ca\/wp-content\/uploads\/2025\/09\/Canada-Gold-Regional-Web-Logo-Navy-With-White-Background_Edmonton.png","type":"image\/png"}],"twitter_card":"summary_large_image","twitter_site":"@CanadaGoldBBB","twitter_misc":{"Estimation du temps de lecture":"2 minutes"},"schema":{"@context":"https:\/\/schema.org","@graph":[{"@type":"WebPage","@id":"https:\/\/edmontongold.ca\/buy-from-us\/","url":"https:\/\/edmontongold.ca\/buy-from-us\/","name":"Achat de lingots physiques - Edmonton Gold","isPartOf":{"@id":"https:\/\/edmontongold.ca\/#website"},"datePublished":"2025-01-23T14:33:16+00:00","dateModified":"2026-03-03T22:14:57+00:00","description":"Canada Gold est votre n\u00e9gociant local de lingots d'or et d'argent, avec une vaste s\u00e9lection de barres, de lingots et de pi\u00e8ces de monnaie de la MRC et du monde entier.","breadcrumb":{"@id":"https:\/\/edmontongold.ca\/buy-from-us\/#breadcrumb"},"inLanguage":"fr-CA","potentialAction":[{"@type":"ReadAction","target":["https:\/\/edmontongold.ca\/buy-from-us\/"]}]},{"@type":"BreadcrumbList","@id":"https:\/\/edmontongold.ca\/buy-from-us\/#breadcrumb","itemListElement":[{"@type":"ListItem","position":1,"name":"Home","item":"https:\/\/edmontongold.ca\/"},{"@type":"ListItem","position":2,"name":"Buy From Us"}]},{"@type":"WebSite","@id":"https:\/\/edmontongold.ca\/#website","url":"https:\/\/edmontongold.ca\/","name":"L'or d'Edmonton","description":"Une division de Canada Gold","publisher":{"@id":"https:\/\/edmontongold.ca\/#organization"},"potentialAction":[{"@type":"SearchAction","target":{"@type":"EntryPoint","urlTemplate":"https:\/\/edmontongold.ca\/?s={search_term_string}"},"query-input":{"@type":"PropertyValueSpecification","valueRequired":true,"valueName":"search_term_string"}}],"inLanguage":"fr-CA"},{"@type":"Organization","@id":"https:\/\/edmontongold.ca\/#organization","name":"L'or d'Edmonton","url":"https:\/\/edmontongold.ca\/","logo":{"@type":"ImageObject","inLanguage":"fr-CA","@id":"https:\/\/edmontongold.ca\/#\/schema\/logo\/image\/","url":"https:\/\/edmontongold.ca\/wp-content\/uploads\/2025\/01\/cropped-favicon.png","contentUrl":"https:\/\/edmontongold.ca\/wp-content\/uploads\/2025\/01\/cropped-favicon.png","width":512,"height":512,"caption":"Edmonton Gold"},"image":{"@id":"https:\/\/edmontongold.ca\/#\/schema\/logo\/image\/"},"sameAs":["https:\/\/www.facebook.com\/CanadaGoldBBB","https:\/\/x.com\/CanadaGoldBBB","https:\/\/www.instagram.com\/edmontongold.ca\/"]}]}},"_links":{"self":[{"href":"https:\/\/edmontongold.ca\/fr\/wp-json\/wp\/v2\/pages\/185","targetHints":{"allow":["GET"]}}],"collection":[{"href":"https:\/\/edmontongold.ca\/fr\/wp-json\/wp\/v2\/pages"}],"about":[{"href":"https:\/\/edmontongold.ca\/fr\/wp-json\/wp\/v2\/types\/page"}],"author":[{"embeddable":true,"href":"https:\/\/edmontongold.ca\/fr\/wp-json\/wp\/v2\/users\/1"}],"replies":[{"embeddable":true,"href":"https:\/\/edmontongold.ca\/fr\/wp-json\/wp\/v2\/comments?post=185"}],"version-history":[{"count":0,"href":"https:\/\/edmontongold.ca\/fr\/wp-json\/wp\/v2\/pages\/185\/revisions"}],"wp:attachment":[{"href":"https:\/\/edmontongold.ca\/fr\/wp-json\/wp\/v2\/media?parent=185"}],"curies":[{"name":"wp","href":"https:\/\/api.w.org\/{rel}","templated":true}]}}